{"id":572,"date":"2019-12-19T09:28:19","date_gmt":"2019-12-19T09:28:19","guid":{"rendered":"https:\/\/wp.wp-preview.com\/inhype\/inhype-7\/?page_id=572"},"modified":"2020-09-18T19:30:40","modified_gmt":"2020-09-18T19:30:40","slug":"misc-blocks","status":"publish","type":"page","link":"http:\/\/novocopiosareden1.hospedagemdesites.ws\/site\/misc-blocks\/","title":{"rendered":"QUEM SOMOS"},"content":{"rendered":"\n<p class=\"has-normal-font-size\">Somos uma institui\u00e7\u00e3o religiosa cat\u00f3lica, fundada no dia 8 de dezembro de 1989 por Padre Wilton Moraes Lopes, sacerdote redentorista, que ap\u00f3s ministrar um retiro de cura e liberta\u00e7\u00e3o na cidade de Vit\u00f3ria\/ES, viu uma jovem garota se aproximar de Jesus no Sant\u00edssimo Sacramento e depositar, em cima do altar, um pacote de drogas. Naquele momento, nosso fundador ouviu a voz de Deus ecoar.  Ali Ele lhe disse com clareza: \u201cO trabalho que eu quero de voc\u00ea \u00e9 este, a recupera\u00e7\u00e3o de jovens dependentes. Eu os amo e \u00e9 preciso que algu\u00e9m anuncie e leve a minha reden\u00e7\u00e3o \u00e0 vida deles\u201d.<\/p>\n\n\n\n<div class=\"wp-block-cover aligncenter has-background-dim has-parallax is-position-center-center\" style=\"background-image:url(http:\/\/novocopiosareden1.hospedagemdesites.ws\/site\/wp-content\/uploads\/2020\/09\/copiosa-canvas-madres-e-pe-2.jpg)\"><div class=\"wp-block-cover__inner-container\">\n<p class=\"has-text-align-center has-large-font-size\"><\/p>\n<\/div><\/div>\n\n\n\n<h2>HIST\u00d3RIA<\/h2>\n\n\n\n<hr class=\"wp-block-separator is-style-wide\"\/>\n\n\n\n<p>A ideia de fundar uma congrega\u00e7\u00e3o havia passado pelos pensamentos de Padre Wilton Moraes Lopes, entretanto sem objetivos e sem metas. Foi quando em 1987 sentiu-se tocado pela a\u00e7\u00e3o de Deus. Ao ministrar um retiro, em um grupo de jovens, na cidade de Vit\u00f3ria\/ES, o sacerdote redentorista viu uma garota se aproximar de Jesus no Sant\u00edssimo Sacramento e depositar um pacote de drogas no altar. Naquele momento, nosso fundador sentiu o Senhor falar em seus ouvidos e depois deste fato, come\u00e7avam-se ent\u00e3o os passos iniciais para concretizar aquilo que era da vontade de Deus.<\/p>\n\n\n\n<p>Para a realiza\u00e7\u00e3o deste apelo do Senhor, Padre Wilton convidou a senhora Maria Moreira da Mota, vi\u00fava e com seus 56 anos se tornou a primeira leiga consagrada da congrega\u00e7\u00e3o, originando-se assim o Instituto Secular Servas de Maria da Copiosa Reden\u00e7\u00e3o. Um ano depois, Padre Wilton convida tamb\u00e9m Ione Strozzi e Ruth Marina da Silveira, para se juntarem a este projeto de amor.<\/p>\n\n\n\n<p>J\u00e1 em 1988, Padre Wilton que ent\u00e3o morava na prov\u00edncia de Campo Grande, \u00e9 transferido para Ponta Grossa\/PR e \u00e9 acolhido pelo ent\u00e3o bispo daquela \u00e9poca, Dom Geraldo Pellanda, onde ele autorizou a funda\u00e7\u00e3o da Copiosa Reden\u00e7\u00e3o. No dia 08 de dezembro de 1989, na Capela Particular da Casa Episcopal, foi fundada a Congrega\u00e7\u00e3o das Irm\u00e3s da Copiosa Reden\u00e7\u00e3o de Maria M\u00e3e da Divina Gra\u00e7a.<\/p>\n\n\n\n<p>Em 1991, nosso fundador teve uma revela\u00e7\u00e3o atrav\u00e9s de um sonho. Novos caminhos para o carisma da Copiosa Reden\u00e7\u00e3o seriam tomados. Cada irm\u00e3o e cada irm\u00e3, assumiriam o compromisso de fazer a adora\u00e7\u00e3o ao Sant\u00edssimo Sacramento, onde ir\u00e3o rezar pelas pessoas dependentes, em uma hora de adora\u00e7\u00e3o di\u00e1ria ao Senhor.<\/p>\n\n\n\n<p>Seis anos depois, em 1997, alguns rapazes come\u00e7aram a fazer uma experi\u00eancia, com o objetivo de se tornarem religiosos e posteriormente sacerdotes, dando assim o in\u00edcio ao ramo masculino da Copiosa Reden\u00e7\u00e3o.<\/p>\n\n\n\n<p>Nosso trabalho n\u00e3o se limitou a apenas na recupera\u00e7\u00e3o social e familiar dos dependentes qu\u00edmicos.&nbsp; A Congrega\u00e7\u00e3o abre as portas para atender outros chamados como: atividades envolvendo crian\u00e7as e adolescentes, idosos, trabalhos pastorais, prega\u00e7\u00e3o de retiros e a evangeliza\u00e7\u00e3o atrav\u00e9s de m\u00fasicas.<\/p>\n\n\n\n<p>Atualmente estamos presentes em seis estados brasileiros. S\u00e3o sete comunidades terap\u00eauticas, duas de reinser\u00e7\u00e3o social, al\u00e9m de casas de trabalho pastoral e comunidades na It\u00e1lia.<\/p>\n\n\n\n<p>Nossa fam\u00edlia religiosa \u00e9 composta atualmente por cerca de (XXX) membro, entre irm\u00e3s, irm\u00e3os, sacerdotes e vocacionados, al\u00e9m de XXX leigos consagrados.&nbsp;<\/p>\n\n\n\n<div style=\"height:40px\" aria-hidden=\"true\" class=\"wp-block-spacer\"><\/div>\n\n\n\n<h2>FUNDADOR<\/h2>\n\n\n\n<hr class=\"wp-block-separator is-style-wide\"\/>\n\n\n\n<p>Padre Wilton Moraes Lopes, nasceu no dia 27 de abril de 1956 na cidade de Guiratinga\/MT e desde os 10 anos sentiu o chamado de Deus para a sua vida. Entrou para o semin\u00e1rio ainda jovem e de uma turma de 40 meninos, apenas um se tornou sacerdote. Sua particularidade espiritual e atrav\u00e9s do seu sim, gerou a Copiosa Reden\u00e7\u00e3o, que busca a recupera\u00e7\u00e3o de jovens e adultos dependentes. O ambiente religioso sempre fez parte de sua vida e quando come\u00e7ou estudar no semin\u00e1rio, se tornou ainda mais devoto da Virgem Maria. Se ordenou sacerdote no dia 09 de julho de 1983 na cidade de Rondon\u00f3polis\/MT. Em sua caminhada religiosa, Padre Wilton ensina o qu\u00e3o \u00e9 importante a ora\u00e7\u00e3o na vida de um crist\u00e3o, pois segundo ele, \u00e9 atrav\u00e9s dela que muitos descobrem sua voca\u00e7\u00e3o e acima de tudo, ouvem a voz de Cristo em sua vida.<\/p>\n\n\n\n<div style=\"height:40px\" aria-hidden=\"true\" class=\"wp-block-spacer\"><\/div>\n\n\n\n<h2>COFUNDADORAS<\/h2>\n\n\n\n<hr class=\"wp-block-separator is-style-wide\"\/>\n\n\n\n<p>Atrav\u00e9s do sim generoso de nossas Primeiras Flores, foi poss\u00edvel gerar a Copiosa Reden\u00e7\u00e3o.<\/p>\n\n\n\n<p>Possu\u00edmos muitos desafios, foi atrav\u00e9s da doa\u00e7\u00e3o de tr\u00eas senhoras que foi poss\u00edvel o nascimento de nossa congrega\u00e7\u00e3o: O sim de Maria Moreira da Motta Santos, Ruth Marina da Silveira e Ione Strozzi, levando coragem determina\u00e7\u00e3o e confian\u00e7a em Deus, em 1987 a Copiosa Reden\u00e7\u00e3o come\u00e7ou a ser gerada. Atrav\u00e9s destas mulheres, que como pilares, come\u00e7aram a fundamentar a Copiosa Reden\u00e7\u00e3o.<\/p>\n\n\n\n<p>Ir. Maria Motta \u2013 nasceu em 10 de outubro de 1931, em Siqueira Campos\/PR, vi\u00fava, era m\u00e3e de quatro filhos. Faleceu em 01 de fevereiro de 2017.<\/p>\n\n\n\n<p>Ir. Ruth Marina da Silveira \u2013 nasceu em 18 de outubro de 1929, em Porto Alegre\/RS, vi\u00fava, era m\u00e3e de dois filhos. Faleceu em 29 de setembro de 2014.<\/p>\n\n\n\n<p>Ir. Ione Strozzi \u2013 solteira, nasceu em 04 de novembro de 1931, em Uni\u00e3o da Vit\u00f3ria\/PR. Faleceu em 05 de fevereiro de 2012<\/p>\n","protected":false},"excerpt":{"rendered":"<p>Somos uma institui\u00e7\u00e3o religiosa cat\u00f3lica, fundada no dia 8 de dezembro de 1989 por Padre Wilton Moraes Lopes, sacerdote redentorista, que ap\u00f3s&#8230;<\/p>\n","protected":false},"author":1,"featured_media":0,"parent":0,"menu_order":0,"comment_status":"closed","ping_status":"closed","template":"","meta":[],"amp_validity":null,"amp_enabled":true,"_links":{"self":[{"href":"http:\/\/novocopiosareden1.hospedagemdesites.ws\/site\/wp-json\/wp\/v2\/pages\/572"}],"collection":[{"href":"http:\/\/novocopiosareden1.hospedagemdesites.ws\/site\/wp-json\/wp\/v2\/pages"}],"about":[{"href":"http:\/\/novocopiosareden1.hospedagemdesites.ws\/site\/wp-json\/wp\/v2\/types\/page"}],"author":[{"embeddable":true,"href":"http:\/\/novocopiosareden1.hospedagemdesites.ws\/site\/wp-json\/wp\/v2\/users\/1"}],"replies":[{"embeddable":true,"href":"http:\/\/novocopiosareden1.hospedagemdesites.ws\/site\/wp-json\/wp\/v2\/comments?post=572"}],"version-history":[{"count":7,"href":"http:\/\/novocopiosareden1.hospedagemdesites.ws\/site\/wp-json\/wp\/v2\/pages\/572\/revisions"}],"predecessor-version":[{"id":1939,"href":"http:\/\/novocopiosareden1.hospedagemdesites.ws\/site\/wp-json\/wp\/v2\/pages\/572\/revisions\/1939"}],"wp:attachment":[{"href":"http:\/\/novocopiosareden1.hospedagemdesites.ws\/site\/wp-json\/wp\/v2\/media?parent=572"}],"curies":[{"name":"wp","href":"https:\/\/api.w.org\/{rel}","templated":true}]}}