{"id":1926,"date":"2020-09-17T19:53:07","date_gmt":"2020-09-17T19:53:07","guid":{"rendered":"http:\/\/novocopiosareden1.hospedagemdesites.ws\/site\/?page_id=1926"},"modified":"2020-09-17T20:28:12","modified_gmt":"2020-09-17T20:28:12","slug":"historia","status":"publish","type":"page","link":"http:\/\/novocopiosareden1.hospedagemdesites.ws\/site\/historia\/","title":{"rendered":"HIST\u00d3RIA"},"content":{"rendered":"\n<hr class=\"wp-block-separator is-style-wide\"\/>\n\n\n\n<p>A ideia de fundar uma congrega\u00e7\u00e3o havia passado pelos pensamentos de Padre Wilton Moraes Lopes, entretanto sem objetivos e sem metas. Foi quando em 1987 sentiu-se tocado pela a\u00e7\u00e3o de Deus. Ao ministrar um retiro, em um grupo de jovens, na cidade de Vit\u00f3ria\/ES, o sacerdote redentorista viu uma garota se aproximar de Jesus no Sant\u00edssimo Sacramento e depositar um pacote de drogas no altar. Naquele momento, nosso fundador sentiu o Senhor falar em seus ouvidos e depois deste fato, come\u00e7avam-se ent\u00e3o os passos iniciais para concretizar aquilo que era da vontade de Deus.<\/p>\n\n\n\n<p>Para a realiza\u00e7\u00e3o deste apelo do Senhor, Padre Wilton convidou a senhora Maria Moreira da Mota, vi\u00fava e com seus 56 anos se tornou a primeira leiga consagrada da congrega\u00e7\u00e3o, originando-se assim o Instituto Secular Servas de Maria da Copiosa Reden\u00e7\u00e3o. Um ano depois, Padre Wilton convida tamb\u00e9m Ione Strozzi e Ruth Marina da Silveira, para se juntarem a este projeto de amor.<\/p>\n\n\n\n<p>J\u00e1 em 1988, Padre Wilton que ent\u00e3o morava na prov\u00edncia de Campo Grande, \u00e9 transferido para Ponta Grossa\/PR e \u00e9 acolhido pelo ent\u00e3o bispo daquela \u00e9poca, Dom Geraldo Pellanda, onde ele autorizou a funda\u00e7\u00e3o da Copiosa Reden\u00e7\u00e3o. No dia 08 de dezembro de 1989, na Capela Particular da Casa Episcopal, foi fundada a Congrega\u00e7\u00e3o das Irm\u00e3s da Copiosa Reden\u00e7\u00e3o de Maria M\u00e3e da Divina Gra\u00e7a.<\/p>\n\n\n\n<p>Em 1991, nosso fundador teve uma revela\u00e7\u00e3o atrav\u00e9s de um sonho. Novos caminhos para o carisma da Copiosa Reden\u00e7\u00e3o seriam tomados. Cada irm\u00e3o e cada irm\u00e3, assumiriam o compromisso de fazer a adora\u00e7\u00e3o ao Sant\u00edssimo Sacramento, onde ir\u00e3o rezar pelas pessoas dependentes, em uma hora de adora\u00e7\u00e3o di\u00e1ria ao Senhor.<\/p>\n\n\n\n<p>Seis anos depois, em 1997, alguns rapazes come\u00e7aram a fazer uma experi\u00eancia, com o objetivo de se tornarem religiosos e posteriormente sacerdotes, dando assim o in\u00edcio ao ramo masculino da Copiosa Reden\u00e7\u00e3o.<\/p>\n\n\n\n<p>Nosso trabalho n\u00e3o se limitou a apenas na recupera\u00e7\u00e3o social e familiar dos dependentes qu\u00edmicos.&nbsp; A Congrega\u00e7\u00e3o abre as portas para atender outros chamados como: atividades envolvendo crian\u00e7as e adolescentes, idosos, trabalhos pastorais, prega\u00e7\u00e3o de retiros e a evangeliza\u00e7\u00e3o atrav\u00e9s de m\u00fasicas.<\/p>\n\n\n\n<p>Atualmente estamos presentes em seis estados brasileiros. S\u00e3o sete comunidades terap\u00eauticas, duas de reinser\u00e7\u00e3o social, al\u00e9m de casas de trabalho pastoral e comunidades na It\u00e1lia.<\/p>\n\n\n\n<p>Nossa fam\u00edlia religiosa \u00e9 composta atualmente por cerca de (XXX) membro, entre irm\u00e3s, irm\u00e3os, sacerdotes e vocacionados, al\u00e9m de XXX leigos consagrados.&nbsp;<\/p>\n","protected":false},"excerpt":{"rendered":"<p>A ideia de fundar uma congrega\u00e7\u00e3o havia passado pelos pensamentos de Padre Wilton Moraes Lopes, entretanto sem objetivos e sem metas. Foi&#8230;<\/p>\n","protected":false},"author":1,"featured_media":1932,"parent":0,"menu_order":0,"comment_status":"closed","ping_status":"closed","template":"","meta":[],"amp_validity":null,"amp_enabled":true,"_links":{"self":[{"href":"http:\/\/novocopiosareden1.hospedagemdesites.ws\/site\/wp-json\/wp\/v2\/pages\/1926"}],"collection":[{"href":"http:\/\/novocopiosareden1.hospedagemdesites.ws\/site\/wp-json\/wp\/v2\/pages"}],"about":[{"href":"http:\/\/novocopiosareden1.hospedagemdesites.ws\/site\/wp-json\/wp\/v2\/types\/page"}],"author":[{"embeddable":true,"href":"http:\/\/novocopiosareden1.hospedagemdesites.ws\/site\/wp-json\/wp\/v2\/users\/1"}],"replies":[{"embeddable":true,"href":"http:\/\/novocopiosareden1.hospedagemdesites.ws\/site\/wp-json\/wp\/v2\/comments?post=1926"}],"version-history":[{"count":1,"href":"http:\/\/novocopiosareden1.hospedagemdesites.ws\/site\/wp-json\/wp\/v2\/pages\/1926\/revisions"}],"predecessor-version":[{"id":1927,"href":"http:\/\/novocopiosareden1.hospedagemdesites.ws\/site\/wp-json\/wp\/v2\/pages\/1926\/revisions\/1927"}],"wp:featuredmedia":[{"embeddable":true,"href":"http:\/\/novocopiosareden1.hospedagemdesites.ws\/site\/wp-json\/wp\/v2\/media\/1932"}],"wp:attachment":[{"href":"http:\/\/novocopiosareden1.hospedagemdesites.ws\/site\/wp-json\/wp\/v2\/media?parent=1926"}],"curies":[{"name":"wp","href":"https:\/\/api.w.org\/{rel}","templated":true}]}}